{"id":74,"date":"2017-06-19T17:58:56","date_gmt":"2017-06-19T17:58:56","guid":{"rendered":"https:\/\/www.mormi.es\/?page_id=74"},"modified":"2021-08-04T07:06:54","modified_gmt":"2021-08-04T07:06:54","slug":"aviso-legal","status":"publish","type":"page","link":"https:\/\/www.mormi.es\/index.php\/aviso-legal\/","title":{"rendered":"Aviso Legal"},"content":{"rendered":"<h2 id=\"identificacion\">Identificaci\u00f3n de la Sociedad<\/h2>\n<p>En cumplimiento del art\u00edculo 10 de la Ley 34\/2002, de 11 de julio, de servicios de la sociedad de la informaci\u00f3n y de comercio electr\u00f3nico (LSSI-CE) y la Ley 56\/2007, de 28 de diciembre, de Medidas de Impulso de la Sociedad de la Informaci\u00f3n se informa a los usuarios del sitio web www.hdealba.es (en adelante el \u201cSitio web\u201d) los siguientes datos de informaci\u00f3n general:<\/p>\n<ol>\n<li>El prestador de servicios de la sociedad de la informaci\u00f3n en el Sitio web es la sociedad mercantil Gestiones Mormi, S.A. (en adelante \u201cMormi\u201d).<\/li>\n<li>Mormi es una mercantil especializada en la gesti\u00f3n y administraci\u00f3n de la propiedad con domicilio social en: Calle Col\u00f3n, 1 \u2013 8\u00aa planta 46004 Valencia (Espa\u00f1a).<\/li>\n<li>Mormi est\u00e1 provista del C.I.F. A-96390216<\/li>\n<li>Mormi est\u00e1 inscrita en el Registro Mercantil de Valencia, Tomo 5.178, Folio 64, hoja n\u00ba V-41006.<\/li>\n<li>Los usuarios del presente Sitio web podr\u00e1n establecer una comunicaci\u00f3n directa y efectiva con Mormi mediante comunicaci\u00f3n escrita remitida al domicilio indicado en el punto 2 de los que componen este Aviso Legal, as\u00ed como utilizando cualquiera de los siguientes medios:\n<ol>\n<li>Tel\u00e9fono: (+34) 96 391 93 16 \u2013 (+34) 661 341 218<\/li>\n<li>vhdealba@icav.es<\/li>\n<\/ol>\n<\/li>\n<\/ol>\n<p>(*) No se admitir\u00e1 la recepci\u00f3n de datos personales que nada tengan que ver con la actividad desarrollada por Mormi. Le comunicamos que si su petici\u00f3n no re\u00fane estos requisitos se proceder\u00e1 a su destrucci\u00f3n autom\u00e1ticamente. El env\u00edo de correos electr\u00f3nicos a esta direcci\u00f3n supondr\u00e1 que el afectado ha aceptado que sus datos ser\u00e1n tratados con la finalidad de tramitar las consultas planteadas a Mormi. A tal efecto, le informamos que puede ejercitar sus derechos de acceso, rectificaci\u00f3n, cancelaci\u00f3n y\/u oposici\u00f3n mediante carta, incluyendo una copia de su DNI u otro documento identificativo equivalente, dirigida a Gestiones Mormi, S.A., (Ref. Protecci\u00f3n de datos), Calle Conde Salvatierra, 9 \u2013 1\u00aa 46004 Valencia (Espa\u00f1a).<\/p>\n<div id=\"objeto\" class=\"separador\"><\/div>\n<h2>Objeto<\/h2>\n<p>Las presentes Condiciones Generales (\u00abcondiciones generales\u00bb) regulan el acceso y uso por parte de cualquier persona (\u00abusuario\u00bb) de las p\u00e1ginas que integran el dominio web http:\/www.mormi.es (\u00abp\u00e1gina web\u00bb), titularidad de Asesores Consultores H de Alba, S.L. (HdeALBA), as\u00ed como los contenidos y servicios que en ellas se incluyen.<\/p>\n<p>El acceso a esta p\u00e1gina web o su utilizaci\u00f3n por el usuario implica necesariamente, y sin reservas, el sometimiento y aceptaci\u00f3n de las condiciones generales. Por tanto, se recomienda que el usuario las lea detenidamente cada vez que quiera entrar en la p\u00e1gina web de Mormi.<\/p>\n<p>Mormi se reserva la facultad de efectuar, en cualquier momento y sin necesidad de preaviso alguno, cualquier modificaci\u00f3n o actualizaci\u00f3n de los contenidos y servicios, de las condiciones generales y, en general, de cuantos elementos integren el dise\u00f1o y la configuraci\u00f3n de su p\u00e1gina web.<\/p>\n<div id=\"acceso\" class=\"separador\"><\/div>\n<h2>Acceso y uso de la p\u00e1gina web<\/h2>\n<p>El usuario accede a la p\u00e1gina web bajo su exclusiva responsabilidad. Los contenidos y servicios presentados en la p\u00e1gina tienen como finalidad la difusi\u00f3n de informaci\u00f3n acerca de las actividades desarrolladas por Mormi. Los contenidos de la p\u00e1gina web no podr\u00e1n considerarse en ning\u00fan caso asesoramiento jur\u00eddico sobre ninguna cuesti\u00f3n.<\/p>\n<p>Mormi pondr\u00e1 los medios razonables a su disposici\u00f3n para que los contenidos y servicios incluidos en su p\u00e1gina web sean exactos y est\u00e9n actualizados. No obstante, Mormi no est\u00e1 en condiciones de poder garantizar esta circunstancia en todo momento.<\/p>\n<p>Dado que el usuario puede descargar determinados contenidos de la p\u00e1gina web, Mormi dispone de la infraestructura necesaria para evitar da\u00f1os derivados de la existencia de virus inform\u00e1ticos. Mormi no se hace responsable de los potenciales da\u00f1os o errores que, debidos a la presencia de cualquier virus, pueda sufrir el sistema inform\u00e1tico (hardware o software) del usuario cuando \u00e9ste acceda a la p\u00e1gina web o la utilice.<\/p>\n<p>Igualmente, Mormi informar\u00e1 al usuario acerca de las especificaciones t\u00e9cnicas necesarias para proceder a la descarga de informaci\u00f3n y contenidos de su p\u00e1gina web. Se ruega al usuario que preste atenci\u00f3n a estos mensajes de aviso, ya que Mormi no se responsabiliza de los da\u00f1os y perjuicios que puedan sufrir los equipos inform\u00e1ticos del usuario porque \u00e9ste haya usado de forma indebida o negligente la p\u00e1gina web.<\/p>\n<div id=\"propiedad\" class=\"separador\"><\/div>\n<h2>Propiedad intelectual y propiedad industrial<\/h2>\n<p>Todos los contenidos, sin exclusi\u00f3n y de forma no limitativa, que forman parte de la p\u00e1gina web, es decir, informaci\u00f3n, art\u00edculos, datos, textos, logos, iconos, im\u00e1genes, dise\u00f1o e imagen de la p\u00e1gina web (apariencia externa o look and feel), ficheros de v\u00eddeo, ficheros de audio, bases de datos y aplicaciones inform\u00e1ticas, son propiedad de Mormi o est\u00e1 explotado bajo licencia de terceros titulares de los derechos de propiedad intelectual y\/o industrial de los mencionados contenidos. \u00c9stos est\u00e1n protegidos por las leyes de propiedad intelectual e industrial vigentes.<\/p>\n<p>Queda prohibida cualquier forma de reproducci\u00f3n, distribuci\u00f3n, comunicaci\u00f3n p\u00fablica, transformaci\u00f3n, descarga y, en general, cualquier acto de explotaci\u00f3n de la totalidad o parte de los contenidos (im\u00e1genes, textos, dise\u00f1os, \u00edndices, formas, etc.) que integran la p\u00e1gina web, as\u00ed como de las bases de datos y del software necesario para su visualizaci\u00f3n o funcionamiento, que no cuente con la expresa y previa autorizaci\u00f3n escrita de Mormi.<\/p>\n<p>El usuario podr\u00e1 crear una copia privada de los contenidos \u00fanica y exclusivamente para su utilizaci\u00f3n personal. Todo uso o explotaci\u00f3n distintos precisar\u00e1n de una autorizaci\u00f3n previa y por escrito de Mormi. En concreto, se proh\u00edbe al usuario reproducir, distribuir, comunicar p\u00fablicamente (incluido el derecho de puesta a disposici\u00f3n), fijar, transformar, coleccionar y, de cualquier otro modo, explotar los contenidos aparecidos en la p\u00e1gina web sin la autorizaci\u00f3n previa y por escrito de Mormi.<\/p>\n<p>Todas las marcas, logotipos o signos distintivos de Mormi se\u00f1alados en la p\u00e1gina web son marcas titularidad de Mormi.<\/p>\n<div id=\"enlaces\" class=\"separador\"><\/div>\n<h2>Enlaces<\/h2>\n<p>Todo enlace hipertextual, profundo, framing, o cualquier otro tipo de conexi\u00f3n virtual a trav\u00e9s de redes de telecomunicaci\u00f3n desde cualquier sitio web o direcci\u00f3n URL (\u00abenlaces\u00bb) a la p\u00e1gina web, deber\u00e1 ser autorizado previamente y por escrito por Mormi, debiendo establecerse el enlace en todo caso a su p\u00e1gina inicial.<\/p>\n<p>Mormi desea aclarar que los enlaces a p\u00e1ginas web de terceros que contenga la p\u00e1gina web tienen \u00fanicamente una finalidad orientativa, siendo su objeto el poner a disposici\u00f3n del usuario otras fuentes de informaci\u00f3n que pudieran ser de su inter\u00e9s.<\/p>\n<p>Si cualquier usuario o tercero observa que tales enlaces pueden ser contrarios a las leyes, la moral o el orden p\u00fablico, o que sean susceptibles de incitar a la violencia o a la discriminaci\u00f3n por razones sexuales, ideol\u00f3gicas, religiosas o raciales, rogamos que lo ponga en nuestro conocimiento a trav\u00e9s de la direcci\u00f3n de correo electr\u00f3nico administracion@hdealba.es<\/p>\n<p>Al margen de lo dispuesto legalmente, Mormi declina cualquier responsabilidad en relaci\u00f3n con los contenidos de los enlaces o con los da\u00f1os o errores que, por cualquier virus presente al acceder a ellos o al utilizarlos, puedan sufrir los sistemas inform\u00e1ticos (hardware y software) del usuario.<\/p>\n<div id=\"legislacion\" class=\"separador\"><\/div>\n<h2>Legislaci\u00f3n y jurisdicci\u00f3n aplicable<\/h2>\n<p>Las presentes condiciones generales quedan sujetas al ordenamiento jur\u00eddico espa\u00f1ol.<br \/>\nPara la resoluci\u00f3n de cualquier conflicto que pudiera derivarse del acceso a la p\u00e1gina web, el usuario y Mormi acuerdan someterse expresamente a los juzgados y tribunales de la ciudad de Valencia, con renuncia a cualquier otro fuero general o especial que les pudiera corresponder.<\/p>\n","protected":false},"excerpt":{"rendered":"<p>Identificaci\u00f3n de la Sociedad En cumplimiento del art\u00edculo 10 de la Ley 34\/2002, de 11 de julio, de servicios de la sociedad de la informaci\u00f3n y de comercio electr\u00f3nico (LSSI-CE)&#8230; <a href=\"https:\/\/www.mormi.es\/index.php\/aviso-legal\/\">Leer m\u00e1s &raquo;<\/a><\/p>\n","protected":false},"author":1,"featured_media":0,"parent":0,"menu_order":0,"comment_status":"closed","ping_status":"closed","template":"","meta":{"footnotes":""},"class_list":["post-74","page","type-page","status-publish","hentry"],"_links":{"self":[{"href":"https:\/\/www.mormi.es\/index.php\/wp-json\/wp\/v2\/pages\/74","targetHints":{"allow":["GET"]}}],"collection":[{"href":"https:\/\/www.mormi.es\/index.php\/wp-json\/wp\/v2\/pages"}],"about":[{"href":"https:\/\/www.mormi.es\/index.php\/wp-json\/wp\/v2\/types\/page"}],"author":[{"embeddable":true,"href":"https:\/\/www.mormi.es\/index.php\/wp-json\/wp\/v2\/users\/1"}],"replies":[{"embeddable":true,"href":"https:\/\/www.mormi.es\/index.php\/wp-json\/wp\/v2\/comments?post=74"}],"version-history":[{"count":3,"href":"https:\/\/www.mormi.es\/index.php\/wp-json\/wp\/v2\/pages\/74\/revisions"}],"predecessor-version":[{"id":129,"href":"https:\/\/www.mormi.es\/index.php\/wp-json\/wp\/v2\/pages\/74\/revisions\/129"}],"wp:attachment":[{"href":"https:\/\/www.mormi.es\/index.php\/wp-json\/wp\/v2\/media?parent=74"}],"curies":[{"name":"wp","href":"https:\/\/api.w.org\/{rel}","templated":true}]}}